{"id":793,"date":"2024-03-14T14:15:19","date_gmt":"2024-03-14T14:15:19","guid":{"rendered":"https:\/\/csillaggyermek.hu\/?page_id=793"},"modified":"2024-05-07T06:54:21","modified_gmt":"2024-05-07T06:54:21","slug":"segits-csillagfiunak-kiszinezni-tavaszi-kepek","status":"publish","type":"page","link":"https:\/\/csillaggyermek.hu\/index.php\/segits-csillagfiunak-kiszinezni-tavaszi-kepek\/","title":{"rendered":"Seg\u00edts Csillagfi\u00fanak kisz\u00ednezni! H\u00fasv\u00e9ti k\u00e9pek"},"content":{"rendered":"\n<p>Csillagfi\u00fa k\u00fcldet\u00e9se, hogy megtal\u00e1lja az elveszett sz\u00edneket \u00e9s megmentse ezzel a Hetedh\u00e9t Kir\u00e1lys\u00e1got a pusztul\u00e1st\u00f3l.<\/p>\n\n\n\n<p>Seg\u00edtesz neki? V\u00e1lassz egy k\u00e9pet, \u00edrd meg a megrendeles@csillaggyermek e-mailc\u00edmre, melyiket szeretn\u00e9d megkapni \u00e9s m\u00e1r k\u00fcldj\u00fck is!<\/p>\n\n\n\n<div class=\"wp-block-columns is-layout-flex wp-container-core-columns-is-layout-9d6595d7 wp-block-columns-is-layout-flex\">\n<div class=\"wp-block-column is-layout-flow wp-block-column-is-layout-flow\">\n<figure class=\"wp-block-image size-full\"><img loading=\"lazy\" decoding=\"async\" width=\"300\" height=\"300\" src=\"https:\/\/csillaggyermek.hu\/wp-content\/uploads\/2024\/03\/husvet2-1.png\" alt=\"\" class=\"wp-image-799\" srcset=\"https:\/\/csillaggyermek.hu\/wp-content\/uploads\/2024\/03\/husvet2-1.png 300w, https:\/\/csillaggyermek.hu\/wp-content\/uploads\/2024\/03\/husvet2-1-150x150.png 150w\" sizes=\"auto, (max-width: 300px) 100vw, 300px\" \/><\/figure>\n<\/div>\n\n\n\n<div class=\"wp-block-column is-layout-flow wp-block-column-is-layout-flow\">\n<figure class=\"wp-block-image size-full\"><img loading=\"lazy\" decoding=\"async\" width=\"300\" height=\"300\" src=\"https:\/\/csillaggyermek.hu\/wp-content\/uploads\/2024\/03\/husvet1.png\" alt=\"\" class=\"wp-image-801\" srcset=\"https:\/\/csillaggyermek.hu\/wp-content\/uploads\/2024\/03\/husvet1.png 300w, https:\/\/csillaggyermek.hu\/wp-content\/uploads\/2024\/03\/husvet1-150x150.png 150w\" sizes=\"auto, (max-width: 300px) 100vw, 300px\" \/><\/figure>\n<\/div>\n\n\n\n<div class=\"wp-block-column is-layout-flow wp-block-column-is-layout-flow\">\n<figure class=\"wp-block-image size-full\"><img loading=\"lazy\" decoding=\"async\" width=\"300\" height=\"300\" src=\"https:\/\/csillaggyermek.hu\/wp-content\/uploads\/2024\/03\/husvet.png\" alt=\"\" class=\"wp-image-802\" srcset=\"https:\/\/csillaggyermek.hu\/wp-content\/uploads\/2024\/03\/husvet.png 300w, https:\/\/csillaggyermek.hu\/wp-content\/uploads\/2024\/03\/husvet-150x150.png 150w\" sizes=\"auto, (max-width: 300px) 100vw, 300px\" \/><\/figure>\n<\/div>\n<\/div>\n\n\n\n<div class=\"wp-block-columns is-layout-flex wp-container-core-columns-is-layout-9d6595d7 wp-block-columns-is-layout-flex\">\n<div class=\"wp-block-column is-layout-flow wp-block-column-is-layout-flow\">\n<figure class=\"wp-block-image size-full\"><img loading=\"lazy\" decoding=\"async\" width=\"300\" height=\"300\" src=\"https:\/\/csillaggyermek.hu\/wp-content\/uploads\/2024\/03\/husvet3.png\" alt=\"\" class=\"wp-image-803\" srcset=\"https:\/\/csillaggyermek.hu\/wp-content\/uploads\/2024\/03\/husvet3.png 300w, https:\/\/csillaggyermek.hu\/wp-content\/uploads\/2024\/03\/husvet3-150x150.png 150w\" sizes=\"auto, (max-width: 300px) 100vw, 300px\" \/><\/figure>\n<\/div>\n\n\n\n<div class=\"wp-block-column is-layout-flow wp-block-column-is-layout-flow\">\n<figure class=\"wp-block-image size-full\"><img loading=\"lazy\" decoding=\"async\" width=\"300\" height=\"300\" src=\"https:\/\/csillaggyermek.hu\/wp-content\/uploads\/2024\/03\/husvet4.png\" alt=\"\" class=\"wp-image-804\" srcset=\"https:\/\/csillaggyermek.hu\/wp-content\/uploads\/2024\/03\/husvet4.png 300w, https:\/\/csillaggyermek.hu\/wp-content\/uploads\/2024\/03\/husvet4-150x150.png 150w\" sizes=\"auto, (max-width: 300px) 100vw, 300px\" \/><\/figure>\n<\/div>\n\n\n\n<div class=\"wp-block-column is-layout-flow wp-block-column-is-layout-flow\">\n<figure class=\"wp-block-image size-full\"><img loading=\"lazy\" decoding=\"async\" width=\"300\" height=\"300\" src=\"https:\/\/csillaggyermek.hu\/wp-content\/uploads\/2024\/03\/husvet5.png\" alt=\"\" class=\"wp-image-805\" srcset=\"https:\/\/csillaggyermek.hu\/wp-content\/uploads\/2024\/03\/husvet5.png 300w, https:\/\/csillaggyermek.hu\/wp-content\/uploads\/2024\/03\/husvet5-150x150.png 150w\" sizes=\"auto, (max-width: 300px) 100vw, 300px\" \/><\/figure>\n<\/div>\n<\/div>\n\n\n\n<div class=\"wp-block-columns is-layout-flex wp-container-core-columns-is-layout-9d6595d7 wp-block-columns-is-layout-flex\">\n<div class=\"wp-block-column is-layout-flow wp-block-column-is-layout-flow\">\n<figure class=\"wp-block-image size-full\"><img loading=\"lazy\" decoding=\"async\" width=\"400\" height=\"400\" src=\"https:\/\/csillaggyermek.hu\/wp-content\/uploads\/2024\/03\/husvet6.png\" alt=\"\" class=\"wp-image-806\" srcset=\"https:\/\/csillaggyermek.hu\/wp-content\/uploads\/2024\/03\/husvet6.png 400w, https:\/\/csillaggyermek.hu\/wp-content\/uploads\/2024\/03\/husvet6-300x300.png 300w, https:\/\/csillaggyermek.hu\/wp-content\/uploads\/2024\/03\/husvet6-150x150.png 150w\" sizes=\"auto, (max-width: 400px) 100vw, 400px\" \/><\/figure>\n<\/div>\n\n\n\n<div class=\"wp-block-column is-layout-flow wp-block-column-is-layout-flow\">\n<figure class=\"wp-block-image size-full\"><img loading=\"lazy\" decoding=\"async\" width=\"300\" height=\"300\" src=\"https:\/\/csillaggyermek.hu\/wp-content\/uploads\/2024\/03\/husvet7.png\" alt=\"\" class=\"wp-image-807\" srcset=\"https:\/\/csillaggyermek.hu\/wp-content\/uploads\/2024\/03\/husvet7.png 300w, https:\/\/csillaggyermek.hu\/wp-content\/uploads\/2024\/03\/husvet7-150x150.png 150w\" sizes=\"auto, (max-width: 300px) 100vw, 300px\" \/><\/figure>\n<\/div>\n\n\n\n<div class=\"wp-block-column is-layout-flow wp-block-column-is-layout-flow\">\n<figure class=\"wp-block-image size-full\"><img loading=\"lazy\" decoding=\"async\" width=\"300\" height=\"300\" src=\"https:\/\/csillaggyermek.hu\/wp-content\/uploads\/2024\/03\/husvet8.png\" alt=\"\" class=\"wp-image-808\" srcset=\"https:\/\/csillaggyermek.hu\/wp-content\/uploads\/2024\/03\/husvet8.png 300w, https:\/\/csillaggyermek.hu\/wp-content\/uploads\/2024\/03\/husvet8-150x150.png 150w\" sizes=\"auto, (max-width: 300px) 100vw, 300px\" \/><\/figure>\n<\/div>\n<\/div>\n\n\n\n<div class=\"wp-block-columns is-layout-flex wp-container-core-columns-is-layout-9d6595d7 wp-block-columns-is-layout-flex\">\n<div class=\"wp-block-column is-layout-flow wp-block-column-is-layout-flow\">\n<figure class=\"wp-block-image size-full\"><img loading=\"lazy\" decoding=\"async\" width=\"300\" height=\"300\" src=\"https:\/\/csillaggyermek.hu\/wp-content\/uploads\/2024\/03\/husvet9.png\" alt=\"\" class=\"wp-image-809\" srcset=\"https:\/\/csillaggyermek.hu\/wp-content\/uploads\/2024\/03\/husvet9.png 300w, https:\/\/csillaggyermek.hu\/wp-content\/uploads\/2024\/03\/husvet9-150x150.png 150w\" sizes=\"auto, (max-width: 300px) 100vw, 300px\" \/><\/figure>\n<\/div>\n\n\n\n<div class=\"wp-block-column is-layout-flow wp-block-column-is-layout-flow\">\n<figure class=\"wp-block-image size-full\"><img loading=\"lazy\" decoding=\"async\" width=\"300\" height=\"300\" src=\"https:\/\/csillaggyermek.hu\/wp-content\/uploads\/2024\/03\/husvet10.png\" alt=\"\" class=\"wp-image-810\" srcset=\"https:\/\/csillaggyermek.hu\/wp-content\/uploads\/2024\/03\/husvet10.png 300w, https:\/\/csillaggyermek.hu\/wp-content\/uploads\/2024\/03\/husvet10-150x150.png 150w\" sizes=\"auto, (max-width: 300px) 100vw, 300px\" \/><\/figure>\n<\/div>\n\n\n\n<div class=\"wp-block-column is-layout-flow wp-block-column-is-layout-flow\">\n<figure class=\"wp-block-image size-full\"><img loading=\"lazy\" decoding=\"async\" width=\"300\" height=\"300\" src=\"https:\/\/csillaggyermek.hu\/wp-content\/uploads\/2024\/03\/husvet11.png\" alt=\"\" class=\"wp-image-811\" srcset=\"https:\/\/csillaggyermek.hu\/wp-content\/uploads\/2024\/03\/husvet11.png 300w, https:\/\/csillaggyermek.hu\/wp-content\/uploads\/2024\/03\/husvet11-150x150.png 150w\" sizes=\"auto, (max-width: 300px) 100vw, 300px\" \/><\/figure>\n<\/div>\n<\/div>\n\n\n\n<div class=\"wp-block-columns is-layout-flex wp-container-core-columns-is-layout-9d6595d7 wp-block-columns-is-layout-flex\">\n<div class=\"wp-block-column is-layout-flow wp-block-column-is-layout-flow\">\n<figure class=\"wp-block-image size-full\"><img loading=\"lazy\" decoding=\"async\" width=\"300\" height=\"300\" src=\"https:\/\/csillaggyermek.hu\/wp-content\/uploads\/2024\/03\/husvet12.png\" alt=\"\" class=\"wp-image-812\" srcset=\"https:\/\/csillaggyermek.hu\/wp-content\/uploads\/2024\/03\/husvet12.png 300w, https:\/\/csillaggyermek.hu\/wp-content\/uploads\/2024\/03\/husvet12-150x150.png 150w\" sizes=\"auto, (max-width: 300px) 100vw, 300px\" \/><\/figure>\n<\/div>\n\n\n\n<div class=\"wp-block-column is-layout-flow wp-block-column-is-layout-flow\">\n<figure class=\"wp-block-image size-full\"><img loading=\"lazy\" decoding=\"async\" width=\"300\" height=\"300\" src=\"https:\/\/csillaggyermek.hu\/wp-content\/uploads\/2024\/03\/husvet15.png\" alt=\"\" class=\"wp-image-813\" srcset=\"https:\/\/csillaggyermek.hu\/wp-content\/uploads\/2024\/03\/husvet15.png 300w, https:\/\/csillaggyermek.hu\/wp-content\/uploads\/2024\/03\/husvet15-150x150.png 150w\" sizes=\"auto, (max-width: 300px) 100vw, 300px\" \/><\/figure>\n<\/div>\n\n\n\n<div class=\"wp-block-column is-layout-flow wp-block-column-is-layout-flow\">\n<figure class=\"wp-block-image size-full\"><img loading=\"lazy\" decoding=\"async\" width=\"300\" height=\"300\" src=\"https:\/\/csillaggyermek.hu\/wp-content\/uploads\/2024\/03\/husvet13.png\" alt=\"\" class=\"wp-image-814\" srcset=\"https:\/\/csillaggyermek.hu\/wp-content\/uploads\/2024\/03\/husvet13.png 300w, https:\/\/csillaggyermek.hu\/wp-content\/uploads\/2024\/03\/husvet13-150x150.png 150w\" sizes=\"auto, (max-width: 300px) 100vw, 300px\" \/><\/figure>\n<\/div>\n<\/div>\n\n\n\n<p>Illusztr\u00e1ci\u00f3: Siker 2021 Bt.<\/p>\n","protected":false},"excerpt":{"rendered":"<p>Csillagfi\u00fa k\u00fcldet\u00e9se, hogy megtal\u00e1lja az elveszett sz\u00edneket \u00e9s megmentse ezzel a Hetedh\u00e9t Kir\u00e1lys\u00e1got a pusztul\u00e1st\u00f3l. Seg\u00edtesz neki? V\u00e1lassz egy k\u00e9pet, \u00edrd meg a megrendeles@csillaggyermek e-mailc\u00edmre, melyiket szeretn\u00e9d megkapni \u00e9s m\u00e1r k\u00fcldj\u00fck is! Illusztr\u00e1ci\u00f3: Siker 2021 Bt.<\/p>\n","protected":false},"author":1,"featured_media":0,"parent":0,"menu_order":0,"comment_status":"closed","ping_status":"closed","template":"","meta":{"footnotes":""},"class_list":["post-793","page","type-page","status-publish","hentry","entry"],"_links":{"self":[{"href":"https:\/\/csillaggyermek.hu\/index.php\/wp-json\/wp\/v2\/pages\/793","targetHints":{"allow":["GET"]}}],"collection":[{"href":"https:\/\/csillaggyermek.hu\/index.php\/wp-json\/wp\/v2\/pages"}],"about":[{"href":"https:\/\/csillaggyermek.hu\/index.php\/wp-json\/wp\/v2\/types\/page"}],"author":[{"embeddable":true,"href":"https:\/\/csillaggyermek.hu\/index.php\/wp-json\/wp\/v2\/users\/1"}],"replies":[{"embeddable":true,"href":"https:\/\/csillaggyermek.hu\/index.php\/wp-json\/wp\/v2\/comments?post=793"}],"version-history":[{"count":4,"href":"https:\/\/csillaggyermek.hu\/index.php\/wp-json\/wp\/v2\/pages\/793\/revisions"}],"predecessor-version":[{"id":826,"href":"https:\/\/csillaggyermek.hu\/index.php\/wp-json\/wp\/v2\/pages\/793\/revisions\/826"}],"wp:attachment":[{"href":"https:\/\/csillaggyermek.hu\/index.php\/wp-json\/wp\/v2\/media?parent=793"}],"curies":[{"name":"wp","href":"https:\/\/api.w.org\/{rel}","templated":true}]}}