{"id":757,"date":"2023-12-06T11:25:29","date_gmt":"2023-12-06T11:25:29","guid":{"rendered":"https:\/\/csillaggyermek.hu\/?page_id=757"},"modified":"2024-05-07T06:54:58","modified_gmt":"2024-05-07T06:54:58","slug":"segits-csillagfiunak-kiszinezni","status":"publish","type":"page","link":"https:\/\/csillaggyermek.hu\/index.php\/segits-csillagfiunak-kiszinezni\/","title":{"rendered":"Seg\u00edts Csillagfi\u00fanak kisz\u00ednezni! T\u00e9li k\u00e9pek"},"content":{"rendered":"\n<p>Csillagfi\u00fa k\u00fcldet\u00e9se, hogy megtal\u00e1lja az elveszett sz\u00edneket \u00e9s megmentse ezzel a Hetedh\u00e9t Kir\u00e1lys\u00e1got a pusztul\u00e1st\u00f3l. <\/p>\n\n\n\n<p>Seg\u00edtesz neki? V\u00e1lassz egy k\u00e9pet, \u00edrd meg a megrendeles@csillaggyermek e-mailc\u00edmre, melyiket szeretn\u00e9d megkapni \u00e9s m\u00e1r k\u00fcldj\u00fck is!<\/p>\n\n\n\n<div class=\"wp-block-columns is-layout-flex wp-container-core-columns-is-layout-9d6595d7 wp-block-columns-is-layout-flex\">\n<div class=\"wp-block-column is-layout-flow wp-block-column-is-layout-flow\">\n<figure class=\"wp-block-image size-full\"><img loading=\"lazy\" decoding=\"async\" width=\"300\" height=\"300\" src=\"https:\/\/csillaggyermek.hu\/wp-content\/uploads\/2023\/12\/mikulas.jpg\" alt=\"\" class=\"wp-image-759\" srcset=\"https:\/\/csillaggyermek.hu\/wp-content\/uploads\/2023\/12\/mikulas.jpg 300w, https:\/\/csillaggyermek.hu\/wp-content\/uploads\/2023\/12\/mikulas-150x150.jpg 150w\" sizes=\"auto, (max-width: 300px) 100vw, 300px\" \/><figcaption class=\"wp-element-caption\">T\u00e9lap\u00f3 r\u00e9nszarvasai<\/figcaption><\/figure>\n<\/div>\n\n\n\n<div class=\"wp-block-column is-layout-flow wp-block-column-is-layout-flow\">\n<figure class=\"wp-block-image size-full\"><img loading=\"lazy\" decoding=\"async\" width=\"300\" height=\"300\" src=\"https:\/\/csillaggyermek.hu\/wp-content\/uploads\/2023\/12\/angyalka.jpg\" alt=\"\" class=\"wp-image-758\" srcset=\"https:\/\/csillaggyermek.hu\/wp-content\/uploads\/2023\/12\/angyalka.jpg 300w, https:\/\/csillaggyermek.hu\/wp-content\/uploads\/2023\/12\/angyalka-150x150.jpg 150w\" sizes=\"auto, (max-width: 300px) 100vw, 300px\" \/><figcaption class=\"wp-element-caption\">Angyalka<\/figcaption><\/figure>\n<\/div>\n\n\n\n<div class=\"wp-block-column is-layout-flow wp-block-column-is-layout-flow\">\n<figure class=\"wp-block-image size-full\"><img loading=\"lazy\" decoding=\"async\" width=\"300\" height=\"300\" src=\"https:\/\/csillaggyermek.hu\/wp-content\/uploads\/2023\/12\/karifa.jpg\" alt=\"\" class=\"wp-image-763\" srcset=\"https:\/\/csillaggyermek.hu\/wp-content\/uploads\/2023\/12\/karifa.jpg 300w, https:\/\/csillaggyermek.hu\/wp-content\/uploads\/2023\/12\/karifa-150x150.jpg 150w\" sizes=\"auto, (max-width: 300px) 100vw, 300px\" \/><figcaption class=\"wp-element-caption\">Kar\u00e1csonyfa<\/figcaption><\/figure>\n<\/div>\n<\/div>\n\n\n\n<div class=\"wp-block-columns is-layout-flex wp-container-core-columns-is-layout-9d6595d7 wp-block-columns-is-layout-flex\">\n<div class=\"wp-block-column is-layout-flow wp-block-column-is-layout-flow\">\n<figure class=\"wp-block-image size-full\"><img loading=\"lazy\" decoding=\"async\" width=\"300\" height=\"300\" src=\"https:\/\/csillaggyermek.hu\/wp-content\/uploads\/2023\/12\/mikikemeny.png\" alt=\"\" class=\"wp-image-764\" srcset=\"https:\/\/csillaggyermek.hu\/wp-content\/uploads\/2023\/12\/mikikemeny.png 300w, https:\/\/csillaggyermek.hu\/wp-content\/uploads\/2023\/12\/mikikemeny-150x150.png 150w\" sizes=\"auto, (max-width: 300px) 100vw, 300px\" \/><figcaption class=\"wp-element-caption\">Mikul\u00e1s \u00e9s a k\u00e9m\u00e9ny<\/figcaption><\/figure>\n<\/div>\n\n\n\n<div class=\"wp-block-column is-layout-flow wp-block-column-is-layout-flow\">\n<figure class=\"wp-block-image size-full\"><img loading=\"lazy\" decoding=\"async\" width=\"300\" height=\"300\" src=\"https:\/\/csillaggyermek.hu\/wp-content\/uploads\/2023\/12\/kishaz.jpg\" alt=\"\" class=\"wp-image-765\" srcset=\"https:\/\/csillaggyermek.hu\/wp-content\/uploads\/2023\/12\/kishaz.jpg 300w, https:\/\/csillaggyermek.hu\/wp-content\/uploads\/2023\/12\/kishaz-150x150.jpg 150w\" sizes=\"auto, (max-width: 300px) 100vw, 300px\" \/><figcaption class=\"wp-element-caption\">T\u00e9li h\u00e1zik\u00f3<\/figcaption><\/figure>\n<\/div>\n\n\n\n<div class=\"wp-block-column is-layout-flow wp-block-column-is-layout-flow\">\n<figure class=\"wp-block-image size-full\"><img loading=\"lazy\" decoding=\"async\" width=\"300\" height=\"300\" src=\"https:\/\/csillaggyermek.hu\/wp-content\/uploads\/2023\/12\/telapo.jpg\" alt=\"\" class=\"wp-image-766\" srcset=\"https:\/\/csillaggyermek.hu\/wp-content\/uploads\/2023\/12\/telapo.jpg 300w, https:\/\/csillaggyermek.hu\/wp-content\/uploads\/2023\/12\/telapo-150x150.jpg 150w\" sizes=\"auto, (max-width: 300px) 100vw, 300px\" \/><figcaption class=\"wp-element-caption\">Mikul\u00e1s<\/figcaption><\/figure>\n<\/div>\n<\/div>\n\n\n\n<div class=\"wp-block-columns is-layout-flex wp-container-core-columns-is-layout-9d6595d7 wp-block-columns-is-layout-flex\">\n<div class=\"wp-block-column is-layout-flow wp-block-column-is-layout-flow\">\n<figure class=\"wp-block-image size-full\"><img loading=\"lazy\" decoding=\"async\" width=\"300\" height=\"300\" src=\"https:\/\/csillaggyermek.hu\/wp-content\/uploads\/2023\/12\/mikulasmano.jpg\" alt=\"\" class=\"wp-image-768\" srcset=\"https:\/\/csillaggyermek.hu\/wp-content\/uploads\/2023\/12\/mikulasmano.jpg 300w, https:\/\/csillaggyermek.hu\/wp-content\/uploads\/2023\/12\/mikulasmano-150x150.jpg 150w\" sizes=\"auto, (max-width: 300px) 100vw, 300px\" \/><figcaption class=\"wp-element-caption\">Mikul\u00e1s a man\u00f3kkal<\/figcaption><\/figure>\n<\/div>\n\n\n\n<div class=\"wp-block-column is-layout-flow wp-block-column-is-layout-flow\">\n<figure class=\"wp-block-image size-full\"><img loading=\"lazy\" decoding=\"async\" width=\"300\" height=\"300\" src=\"https:\/\/csillaggyermek.hu\/wp-content\/uploads\/2023\/12\/hoember.jpg\" alt=\"\" class=\"wp-image-769\" srcset=\"https:\/\/csillaggyermek.hu\/wp-content\/uploads\/2023\/12\/hoember.jpg 300w, https:\/\/csillaggyermek.hu\/wp-content\/uploads\/2023\/12\/hoember-150x150.jpg 150w\" sizes=\"auto, (max-width: 300px) 100vw, 300px\" \/><figcaption class=\"wp-element-caption\">H\u00f3ember<\/figcaption><\/figure>\n<\/div>\n\n\n\n<div class=\"wp-block-column is-layout-flow wp-block-column-is-layout-flow\">\n<figure class=\"wp-block-image size-full\"><img loading=\"lazy\" decoding=\"async\" width=\"300\" height=\"300\" src=\"https:\/\/csillaggyermek.hu\/wp-content\/uploads\/2023\/12\/szin.jpg\" alt=\"\" class=\"wp-image-772\" srcset=\"https:\/\/csillaggyermek.hu\/wp-content\/uploads\/2023\/12\/szin.jpg 300w, https:\/\/csillaggyermek.hu\/wp-content\/uploads\/2023\/12\/szin-150x150.jpg 150w\" sizes=\"auto, (max-width: 300px) 100vw, 300px\" \/><figcaption class=\"wp-element-caption\">szin<\/figcaption><\/figure>\n<\/div>\n<\/div>\n\n\n\n<div class=\"wp-block-columns is-layout-flex wp-container-core-columns-is-layout-9d6595d7 wp-block-columns-is-layout-flex\">\n<div class=\"wp-block-column is-layout-flow wp-block-column-is-layout-flow\">\n<figure class=\"wp-block-image size-full\"><img loading=\"lazy\" decoding=\"async\" width=\"300\" height=\"300\" src=\"https:\/\/csillaggyermek.hu\/wp-content\/uploads\/2023\/12\/szin1.jpg\" alt=\"\" class=\"wp-image-775\" srcset=\"https:\/\/csillaggyermek.hu\/wp-content\/uploads\/2023\/12\/szin1.jpg 300w, https:\/\/csillaggyermek.hu\/wp-content\/uploads\/2023\/12\/szin1-150x150.jpg 150w\" sizes=\"auto, (max-width: 300px) 100vw, 300px\" \/><figcaption class=\"wp-element-caption\">szin1<\/figcaption><\/figure>\n<\/div>\n\n\n\n<div class=\"wp-block-column is-layout-flow wp-block-column-is-layout-flow\">\n<figure class=\"wp-block-image size-full\"><img loading=\"lazy\" decoding=\"async\" width=\"300\" height=\"300\" src=\"https:\/\/csillaggyermek.hu\/wp-content\/uploads\/2023\/12\/szin2.jpg\" alt=\"\" class=\"wp-image-776\" srcset=\"https:\/\/csillaggyermek.hu\/wp-content\/uploads\/2023\/12\/szin2.jpg 300w, https:\/\/csillaggyermek.hu\/wp-content\/uploads\/2023\/12\/szin2-150x150.jpg 150w\" sizes=\"auto, (max-width: 300px) 100vw, 300px\" \/><figcaption class=\"wp-element-caption\">szin2<\/figcaption><\/figure>\n<\/div>\n\n\n\n<div class=\"wp-block-column is-layout-flow wp-block-column-is-layout-flow\">\n<figure class=\"wp-block-image size-full\"><img loading=\"lazy\" decoding=\"async\" width=\"300\" height=\"300\" src=\"https:\/\/csillaggyermek.hu\/wp-content\/uploads\/2023\/12\/szin3.jpg\" alt=\"\" class=\"wp-image-777\" srcset=\"https:\/\/csillaggyermek.hu\/wp-content\/uploads\/2023\/12\/szin3.jpg 300w, https:\/\/csillaggyermek.hu\/wp-content\/uploads\/2023\/12\/szin3-150x150.jpg 150w\" sizes=\"auto, (max-width: 300px) 100vw, 300px\" \/><figcaption class=\"wp-element-caption\">szin3<\/figcaption><\/figure>\n<\/div>\n<\/div>\n\n\n\n<div class=\"wp-block-columns is-layout-flex wp-container-core-columns-is-layout-9d6595d7 wp-block-columns-is-layout-flex\">\n<div class=\"wp-block-column is-layout-flow wp-block-column-is-layout-flow\">\n<figure class=\"wp-block-image size-full\"><img loading=\"lazy\" decoding=\"async\" width=\"300\" height=\"300\" src=\"https:\/\/csillaggyermek.hu\/wp-content\/uploads\/2023\/12\/szin4.jpg\" alt=\"\" class=\"wp-image-778\" srcset=\"https:\/\/csillaggyermek.hu\/wp-content\/uploads\/2023\/12\/szin4.jpg 300w, https:\/\/csillaggyermek.hu\/wp-content\/uploads\/2023\/12\/szin4-150x150.jpg 150w\" sizes=\"auto, (max-width: 300px) 100vw, 300px\" \/><figcaption class=\"wp-element-caption\">szin4<\/figcaption><\/figure>\n<\/div>\n\n\n\n<div class=\"wp-block-column is-layout-flow wp-block-column-is-layout-flow\">\n<figure class=\"wp-block-image size-full\"><img loading=\"lazy\" decoding=\"async\" width=\"300\" height=\"300\" src=\"https:\/\/csillaggyermek.hu\/wp-content\/uploads\/2023\/12\/szin5.jpg\" alt=\"\" class=\"wp-image-779\" srcset=\"https:\/\/csillaggyermek.hu\/wp-content\/uploads\/2023\/12\/szin5.jpg 300w, https:\/\/csillaggyermek.hu\/wp-content\/uploads\/2023\/12\/szin5-150x150.jpg 150w\" sizes=\"auto, (max-width: 300px) 100vw, 300px\" \/><figcaption class=\"wp-element-caption\">szin5<\/figcaption><\/figure>\n<\/div>\n\n\n\n<div class=\"wp-block-column is-layout-flow wp-block-column-is-layout-flow\">\n<figure class=\"wp-block-image size-full\"><img loading=\"lazy\" decoding=\"async\" width=\"300\" height=\"300\" src=\"https:\/\/csillaggyermek.hu\/wp-content\/uploads\/2023\/12\/szin6.jpg\" alt=\"\" class=\"wp-image-780\" srcset=\"https:\/\/csillaggyermek.hu\/wp-content\/uploads\/2023\/12\/szin6.jpg 300w, https:\/\/csillaggyermek.hu\/wp-content\/uploads\/2023\/12\/szin6-150x150.jpg 150w\" sizes=\"auto, (max-width: 300px) 100vw, 300px\" \/><figcaption class=\"wp-element-caption\">szin6<\/figcaption><\/figure>\n<\/div>\n<\/div>\n\n\n\n<div class=\"wp-block-columns is-layout-flex wp-container-core-columns-is-layout-9d6595d7 wp-block-columns-is-layout-flex\">\n<div class=\"wp-block-column is-layout-flow wp-block-column-is-layout-flow\">\n<figure class=\"wp-block-image size-full\"><img loading=\"lazy\" decoding=\"async\" width=\"300\" height=\"300\" src=\"https:\/\/csillaggyermek.hu\/wp-content\/uploads\/2023\/12\/szin7.jpg\" alt=\"\" class=\"wp-image-781\" srcset=\"https:\/\/csillaggyermek.hu\/wp-content\/uploads\/2023\/12\/szin7.jpg 300w, https:\/\/csillaggyermek.hu\/wp-content\/uploads\/2023\/12\/szin7-150x150.jpg 150w\" sizes=\"auto, (max-width: 300px) 100vw, 300px\" \/><figcaption class=\"wp-element-caption\">szin7<\/figcaption><\/figure>\n<\/div>\n\n\n\n<div class=\"wp-block-column is-layout-flow wp-block-column-is-layout-flow\">\n<figure class=\"wp-block-image size-full\"><img loading=\"lazy\" decoding=\"async\" width=\"300\" height=\"300\" src=\"https:\/\/csillaggyermek.hu\/wp-content\/uploads\/2023\/12\/szin8.jpg\" alt=\"\" class=\"wp-image-782\" srcset=\"https:\/\/csillaggyermek.hu\/wp-content\/uploads\/2023\/12\/szin8.jpg 300w, https:\/\/csillaggyermek.hu\/wp-content\/uploads\/2023\/12\/szin8-150x150.jpg 150w\" sizes=\"auto, (max-width: 300px) 100vw, 300px\" \/><figcaption class=\"wp-element-caption\">szin8<\/figcaption><\/figure>\n<\/div>\n\n\n\n<div class=\"wp-block-column is-layout-flow wp-block-column-is-layout-flow\">\n<figure class=\"wp-block-image size-full\"><img loading=\"lazy\" decoding=\"async\" width=\"300\" height=\"300\" src=\"https:\/\/csillaggyermek.hu\/wp-content\/uploads\/2023\/12\/szin9.jpg\" alt=\"\" class=\"wp-image-774\" srcset=\"https:\/\/csillaggyermek.hu\/wp-content\/uploads\/2023\/12\/szin9.jpg 300w, https:\/\/csillaggyermek.hu\/wp-content\/uploads\/2023\/12\/szin9-150x150.jpg 150w\" sizes=\"auto, (max-width: 300px) 100vw, 300px\" \/><figcaption class=\"wp-element-caption\">szin9<\/figcaption><\/figure>\n<\/div>\n<\/div>\n\n\n\n<div class=\"wp-block-columns is-layout-flex wp-container-core-columns-is-layout-9d6595d7 wp-block-columns-is-layout-flex\">\n<div class=\"wp-block-column is-layout-flow wp-block-column-is-layout-flow\"><div class=\"wp-block-image\">\n<figure class=\"aligncenter size-full\"><img loading=\"lazy\" decoding=\"async\" width=\"300\" height=\"300\" src=\"https:\/\/csillaggyermek.hu\/wp-content\/uploads\/2023\/12\/szin10.jpg\" alt=\"\" class=\"wp-image-783\" srcset=\"https:\/\/csillaggyermek.hu\/wp-content\/uploads\/2023\/12\/szin10.jpg 300w, https:\/\/csillaggyermek.hu\/wp-content\/uploads\/2023\/12\/szin10-150x150.jpg 150w\" sizes=\"auto, (max-width: 300px) 100vw, 300px\" \/><figcaption class=\"wp-element-caption\">szin10<\/figcaption><\/figure>\n<\/div><\/div>\n<\/div>\n\n\n\n<p>Illusztr\u00e1ci\u00f3: Siker 2021. Bt<\/p>\n","protected":false},"excerpt":{"rendered":"<p>Csillagfi\u00fa k\u00fcldet\u00e9se, hogy megtal\u00e1lja az elveszett sz\u00edneket \u00e9s megmentse ezzel a Hetedh\u00e9t Kir\u00e1lys\u00e1got a pusztul\u00e1st\u00f3l. Seg\u00edtesz neki? V\u00e1lassz egy k\u00e9pet, \u00edrd meg a megrendeles@csillaggyermek e-mailc\u00edmre, melyiket szeretn\u00e9d megkapni \u00e9s m\u00e1r k\u00fcldj\u00fck is! Illusztr\u00e1ci\u00f3: Siker 2021. Bt<\/p>\n","protected":false},"author":1,"featured_media":0,"parent":0,"menu_order":0,"comment_status":"closed","ping_status":"closed","template":"","meta":{"footnotes":""},"class_list":["post-757","page","type-page","status-publish","hentry","entry"],"_links":{"self":[{"href":"https:\/\/csillaggyermek.hu\/index.php\/wp-json\/wp\/v2\/pages\/757","targetHints":{"allow":["GET"]}}],"collection":[{"href":"https:\/\/csillaggyermek.hu\/index.php\/wp-json\/wp\/v2\/pages"}],"about":[{"href":"https:\/\/csillaggyermek.hu\/index.php\/wp-json\/wp\/v2\/types\/page"}],"author":[{"embeddable":true,"href":"https:\/\/csillaggyermek.hu\/index.php\/wp-json\/wp\/v2\/users\/1"}],"replies":[{"embeddable":true,"href":"https:\/\/csillaggyermek.hu\/index.php\/wp-json\/wp\/v2\/comments?post=757"}],"version-history":[{"count":5,"href":"https:\/\/csillaggyermek.hu\/index.php\/wp-json\/wp\/v2\/pages\/757\/revisions"}],"predecessor-version":[{"id":827,"href":"https:\/\/csillaggyermek.hu\/index.php\/wp-json\/wp\/v2\/pages\/757\/revisions\/827"}],"wp:attachment":[{"href":"https:\/\/csillaggyermek.hu\/index.php\/wp-json\/wp\/v2\/media?parent=757"}],"curies":[{"name":"wp","href":"https:\/\/api.w.org\/{rel}","templated":true}]}}