{"id":638,"date":"2022-11-18T18:35:40","date_gmt":"2022-11-18T18:35:40","guid":{"rendered":"https:\/\/csillaggyermek.hu\/?page_id=638"},"modified":"2024-05-07T06:52:56","modified_gmt":"2024-05-07T06:52:56","slug":"csillagfiu-es-az-adventi-angyalok","status":"publish","type":"page","link":"https:\/\/csillaggyermek.hu\/index.php\/csillagfiu-es-az-adventi-angyalok\/","title":{"rendered":"Csillagfi\u00fa \u00e9s az adventi angyalok"},"content":{"rendered":"\n<p class=\"has-extra-large-font-size\">Az els\u0151 angyal<\/p>\n\n\n\n<p class=\"has-extra-large-font-size\"><\/p>\n\n\n\n<figure class=\"wp-block-image size-full is-resized is-style-default\"><img loading=\"lazy\" decoding=\"async\" width=\"447\" height=\"702\" src=\"https:\/\/csillaggyermek.hu\/wp-content\/uploads\/2022\/11\/szaru1.jpg\" alt=\"\" class=\"wp-image-623\" style=\"width:335px;height:527px\" srcset=\"https:\/\/csillaggyermek.hu\/wp-content\/uploads\/2022\/11\/szaru1.jpg 447w, https:\/\/csillaggyermek.hu\/wp-content\/uploads\/2022\/11\/szaru1-191x300.jpg 191w\" sizes=\"auto, (max-width: 447px) 100vw, 447px\" \/><\/figure>\n\n\n\n<p>Egy csillagporos t\u00e9li d\u00e9lut\u00e1non &#8211; tudod, egy olyan gyorsan s\u00f6t\u00e9ted\u0151, v\u00e1rakoz\u00e1ssal teli napon, amikor a fagyos szelek bef\u00fcty\u00fclnek a k\u00e9m\u00e9nyen, hogy a kanap\u00e9n \u00fclve m\u00e9g jobban bekuck\u00f3zz a finom meleg takar\u00f3dba, mik\u00f6zben ezt a sz\u00e9p mes\u00e9t olvasod -, Csillagfi\u00fa csokol\u00e1d\u00e9s kaka\u00f3t sz\u00fcrcs\u00f6lt a b\u00f6gr\u00e9j\u00e9b\u0151l \u00e9s azt figyelte, hogyan s\u00fcr\u00f6g-forog a nappaliban a Birodalom \u00darn\u0151je.<\/p>\n\n\n\n<p>&#8211; Mit k\u00e9sz\u00edtesz, \u00c9desanya? &#8211; simult az \u00farn\u0151 h\u00e1t\u00e1hoz Csillagfi\u00fa k\u00edv\u00e1ncsian.<\/p>\n\n\n\n<p>&#8211; K\u00f6zeleg a kar\u00e1csony, az \u00e9v egyik legszebb \u00fcnnepe! Tudod-e, mit\u0151l lesz sz\u00e9p? Att\u00f3l, hogy am\u00edg arra v\u00e1rakozunk, hogy megsz\u00fclessen a F\u00e9ny, a sz\u00edv\u00fcnk szeretettel, sz\u00e9p gondolatokkal telik meg \u00e9s ezekben a kar\u00e1csony el\u0151tti napokban, \u00fagy is mondjuk, advent idej\u00e9n, t\u00f6bb j\u00f3t is cseleksz\u00fcnk. Elcsendesed\u00fcnk, hogy meghalljuk a sz\u00edv\u00fcnk a szav\u00e1t, ami megs\u00fagja, hogyan szerezhet\u00fcnk \u00f6r\u00f6met m\u00e1soknak. Sok sz\u00e9p szok\u00e1st is \u0151rz\u00fcnk advent idej\u00e9n. Ma p\u00e9ld\u00e1ul elk\u00e9sz\u00edtem az adventi koszor\u00fat.<\/p>\n\n\n\n<p>&#8211; De h\u00e1t az udvaron is van m\u00e1r egy \u00e9s a fogad\u00f3teremben! Mi\u00e9rt nem b\u00edzod a seg\u00edt\u0151idre?<\/p>\n\n\n\n<p>&#8211; Mert csak akkor m\u0171k\u00f6dik, ha a saj\u00e1t kezemmel \u00e9s sz\u00edvemb\u0151l j\u00f6v\u0151 j\u00f3k\u00edv\u00e1ns\u00e1gokkal k\u00e9sz\u00edtem a szeretteim sz\u00e1m\u00e1ra. A t\u00f6bbi koszor\u00fa csak dekor\u00e1ci\u00f3. \u00dcnnepi pompa a palot\u00e1ban, \u00e9rted? &#8211; simogatta meg gyermeke ez\u00fcst haj\u00e1t az \u00farn\u0151.<\/p>\n\n\n\n<p>&#8211; \u00c9s honnan tudod, hogy val\u00f3ban m\u0171k\u00f6dik? &#8211; \u00e9rdekl\u0151d\u00f6tt tov\u00e1bb a fi\u00fa.<\/p>\n\n\n\n<p>&#8211; L\u00e1tni fogom. Mert akkor megt\u00f6rt\u00e9nik a csoda \u2013 hangzott a v\u00e1lasz.<\/p>\n\n\n\n<p>&#8211; Csoda? \u00c9s mikor fog megt\u00f6rt\u00e9nni a csoda?- Csillagfi\u00fa term\u00e9szetesen mindent tudni akart.<\/p>\n\n\n\n<p>&#8211; Minden vas\u00e1rnap este kar\u00e1csonyig, amikor meggy\u00fajtunk egy gyerty\u00e1t az adventi koszor\u00fan \u00e9s elmondjuk magunkban a h\u00e1l\u00e1nkat \u00e9s j\u00f3k\u00edv\u00e1ns\u00e1gainkat, megjelenik egy adventi angyal. Elhozza az embereknek az aj\u00e1nd\u00e9k\u00e1t.<\/p>\n\n\n\n<p>&#8211; \u00c9s mi az? \u2013 ugrott fel Csillagfi\u00fa izgatottan.<\/p>\n\n\n\n<p>&#8211; Na mit gondolsz, mi lehet egy angyal aj\u00e1nd\u00e9ka?<\/p>\n\n\n\n<p>&#8211; \u00d3, biztosan valami nagyon k\u00fcl\u00f6nleges lesz! &#8211; v\u00e1gta r\u00e1 t\u00f6prengve Csillagfi\u00fa.<\/p>\n\n\n\n<p>Att\u00f3l a napt\u00f3l izgatottan v\u00e1rta az els\u0151 adventi angyal \u00e9rkez\u00e9s\u00e9t. Hogy gyorsabban teljen az id\u0151, felkereste F\u00e1jdalmat a Tetejetlen Toronyban \u00e9s meg\u00e9rdekl\u0151dte t\u0151le, l\u00e1tott-e m\u00e1r adventi angyalt? Tudta persze, hogy bar\u00e1tja nem l\u00e1tja az angyalokat, hiszen nincs olyan kiv\u00e9teles k\u00e9pess\u00e9ge, mint neki, de ki tudhatja, ilyen csillagj\u00e1rta, \u00fcnnepi id\u0151kben? H\u00e1tha az adventi angyalok mindenki sz\u00e1m\u00e1ra l\u00e1that\u00f3k!<\/p>\n\n\n\n<p>&#8211; Adventi angyal? Nem, nem, azt m\u00e9g soha nem l\u00e1ttam&#8230;de most, hogy mondod, F\u00e9lelmet \u00e9s a B\u00e1natot se l\u00e1ttam hetek \u00f3ta. Lehet, hogy \u0151k is az angyalt keresik \u2013 vonta fel a szem\u00f6ld\u00f6k\u00e9t tan\u00e1cstalanul F\u00e1jdalom \u00e9s a v\u00e1ll\u00e1ra dobta a korcsoly\u00e1j\u00e1t. Korizni indultak ugyanis Kat\u00e1val \u00e9s a testv\u00e9reivel, akik a Nagyr\u00e9t t\u00faloldal\u00e1n laktak.<\/p>\n\n\n\n<p>Kata hallott m\u00e1r az adventi angyalokr\u00f3l, de csak legyintett Csillagfi\u00fa lelkesed\u00e9s\u00e9n. \u00dagy v\u00e9lte, az eg\u00e9szet csak a feln\u0151ttek tal\u00e1lt\u00e1k ki, hogy a gyerekek ne k\u00e9rdez\u0151sk\u00f6djenek annyit a kar\u00e1csonyr\u00f3l. Csillagfi\u00fat elszomor\u00edtotta a v\u00e1lasz. Hitt az \u00e9desanyj\u00e1nak \u00e9s a sz\u00edv\u00e9ben is \u00fagy \u00e9rezte, hogy az adventi angyalok igenis l\u00e9teznek. Korcsoly\u00e1z\u00e1s ut\u00e1n ez\u00e9rt nem hazafel\u00e9 indult, hanem \u00e1csorogott m\u00e9g egy kicsit a csillagf\u00e9nyes \u00e9gbolt alatt. A k\u00e9r\u00e9s\u00e9re gondolt \u00e9s csillagf\u00e9nye halv\u00e1nyan felderengett.<\/p>\n\n\n\n<p>N\u00e9zz oda! Egyszer csak egy hozz\u00e1 hasonl\u00f3 form\u00e1j\u00fa fi\u00fa \u00e1llott el\u0151tte. Hasonl\u00f3 csak, mondom, mert a ruh\u00e1ja egy\u00e1ltal\u00e1n nem t\u00e9lire val\u00f3 volt, a haja pedig, ah\u00e1ny sz\u00e1l, mind m\u00e1s ir\u00e1nyba \u00e1llott a fej\u00e9n. Izgatottan tapogatta halv\u00e1nyk\u00e9k tunik\u00e1ja zsebeit. N\u00e9melyikben eg\u00e9szen k\u00f6ny\u00f6kig elt\u0171nt akarja, ami az\u00e9rt is megh\u00f6kkentette Csillagfi\u00fat, mert a zseb alig volt zsebkend\u0151nyi, miel\u0151tt a mondott k\u00e9z elt\u0171nt benne&#8230;itt valami var\u00e1zslat van! &#8211; sejlett fel benne.<\/p>\n\n\n\n<p>&#8211; Te meg ki vagy? &#8211; sz\u00f3l\u00edtotta meg a tov\u00e1bbra is keresg\u00e9l\u0151, kutakod\u00f3 fi\u00fat.<\/p>\n\n\n\n<p>&#8211; H\u00e1t nem engem h\u00edvt\u00e1l? Az Els\u0151 Adventi Angyal vagyok! Mi\u00e9rt keresel? &#8211; n\u00e9zett v\u00e9gre az ez\u00fcst haj\u00fa gyermekre, majd hirtelen a feje mell\u00e9 kapott \u00e9s el\u00e9gedetten kurjantott: megvagy!<\/p>\n\n\n\n<p>&#8211; Mi van meg?<\/p>\n\n\n\n<p>&#8211; A b\u0151s\u00e9gszarum..folyton elvesz\u00edtem. Tudod, m\u00e9g \u00fcres, ez\u00e9rt olyan k\u00f6nny\u0171, hogy mindig elsz\u00e1ll valamerre&#8230;azt\u00e1n kutathatok ut\u00e1na! \u2013 ki\u00e1ltott m\u00e9rgesen az arany holmira, ami v\u00e1laszul pimaszul megcsillant.<\/p>\n\n\n\n<p>&#8211; \u00c9s minek az Neked? Abban hozod az aj\u00e1nd\u00e9kod? &#8211; k\u00e9rdez\u0151sk\u00f6d\u00f6tt tov\u00e1bb Csillagfi\u00fa.<\/p>\n\n\n\n<p>&#8211; Ellenkez\u0151leg! Ebbe kell \u00f6sszegy\u0171jtenem \u2013 nevetett fel az angyal \u00e9s j\u00f3kedv\u0171en f\u00fcty\u00fcr\u00e9szni kezdett.<\/p>\n\n\n\n<p>&#8211; De mit? &#8211; \u00e9rtetlenkedett Csillagfi\u00fa. M\u00e9g sosem tal\u00e1lkozott ilyen \u00e9rdekes angyallal. Pedig j\u00f3 n\u00e9h\u00e1nyat l\u00e1tott m\u00e1r.<\/p>\n\n\n\n<p>&#8211; Hogy mit is? H\u00e1t, bizony azt m\u00e9g \u00e9n sem tudom! Gyere \u00e9s j\u00e1rjunk ut\u00e1na egy\u00fctt! &#8211; t\u00e1rta sz\u00e9t karjait, majd j\u00f3kedv\u0171en megragadta a gyermek kez\u00e9t az angyal \u00e9s abban a minutumban egy forgalmas v\u00e1ros kar\u00e1csonyi v\u00e1s\u00e1r\u00e1ban voltak. A sok ember mind izgatottan sietett valahov\u00e1.<\/p>\n\n\n\n<p>&#8211; Nem f\u00e9lsz, hogy megl\u00e1tnak? &#8211; b\u00e1multa a t\u00f6meget Csillagfi\u00fa.<\/p>\n\n\n\n<p>&#8211; Ugyan, nem l\u00e1tnak \u0151k semmit! Csak rohannak, tolakodnak, l\u00f6kd\u00f6s\u0151dnek\u2026 figyelj csak! \u2013 fordult az egyik emberhez \u00e9s megcs\u00edpte a f\u00fcl\u00e9t. Azt\u00e1n az arca el\u00e9 ugrott \u00e9s fura, meg vicces fintorokat v\u00e1gott. Az ember fel sem vette, csak bossz\u00fasan a f\u00fcl\u00e9hez kapott, mintha egy sz\u00fanyogot akart volna elhessegetni.<\/p>\n\n\n\n<p>&#8211; L\u00e1tod? Ak\u00e1r fel is l\u00f6kheted \u0151ket, fel sem veszik. Nagyon fontos dolguk van: v\u00e1s\u00e1rolniuk kell egy csom\u00f3 kacatot! &#8211; b\u00f3logatott mindentud\u00f3an az angyal.<\/p>\n\n\n\n<p>&#8211; Mi\u00e9rt? \u2013 \u00e9rtetlenkedett Csillagfi\u00fa.<\/p>\n\n\n\n<p>&#8211; Azt hiszik, ett\u0151l boldogok lesznek&#8230; \u2013 vonta meg a v\u00e1ll\u00e1t az angyal.<\/p>\n\n\n\n<p>&#8211; De l\u00e1ssunk a dolgunk ut\u00e1n! N\u00e9zz\u00fck csak, \u0151 mit rejteget a sz\u00edv\u00e9ben? \u00c1, \u0151 semmit! Teljesen \u00fcres! &#8211; fordult el csal\u00f3dottan.<\/p>\n\n\n\n<p>&#8211; Tal\u00e1n \u0151 \u2013 eredt egy anyuka nyom\u00e1ba. &#8211; \u00d3, ezt ink\u00e1bb hagyjuk: csupa negat\u00edv, lehangol\u00f3 gondolat \u2013 l\u00e1tod te is? &#8211; k\u00e9rdezett most az angyal.<\/p>\n\n\n\n<p>Csillagfi\u00fa er\u0151sen a n\u0151re koncentr\u00e1lt \u00e9s meg\u00e9rezte, mi j\u00e1r a fej\u00e9ben: f\u00e1radt \u00e9s k\u00e9ts\u00e9gbeesett, mert \u00fagy \u00e9rzi, kar\u00e1csonyig nem \u00e9r a feladatai v\u00e9g\u00e9re.<\/p>\n\n\n\n<p>&#8211; H\u00e1t, ez bizony cudar lesz! A rossz gondolatokt\u00f3l olyan neh\u00e9z a szaru, hogy alig b\u00edrom majd hazacipelni. \u00c9vr\u0151l-\u00e9vre rosszabb &#8211; s\u00f3hajtott az angyal.<\/p>\n\n\n\n<p>&#8211; Sz\u00f3val azt gy\u0171jt\u00f6d bele, amit az emberek sz\u00edv\u00e9ben tal\u00e1lsz \u2013 ismerte fel Csillagfi\u00fa.<\/p>\n\n\n\n<p>&#8211; Okos fi\u00fa vagy! Igen, az \u00e9n feladatom \u00f6sszegy\u0171jteni, amit a sz\u00edv\u00fckben hordanak. Innen tudjuk majd, mire lesz sz\u00fcks\u00e9g\u00fck az adventi hetekben, vagyis, hogy milyen aj\u00e1nd\u00e9kot kapjanak a t\u00f6bbi adventi angyalt\u00f3l \u2013 jelentette ki el\u00e9gedetten az els\u0151 angyal.<\/p>\n\n\n\n<p>&#8211; Akkor te nem hozol nekik semmit? &#8211; Csillagfi\u00fa kiss\u00e9 csal\u00f3dottan k\u00e9rdezte ezt.<\/p>\n\n\n\n<p>&#8211; De bizony! T\u0151lem minden \u00e9vben ugyanazt az aj\u00e1nd\u00e9kot kapj\u00e1k. Mert mindig sz\u00fcks\u00e9g\u00e9t l\u00e1tj\u00e1k. A nap v\u00e9g\u00e9re kider\u00fcl, mi az! \u2013 \u00edg\u00e9rte az angyal.<\/p>\n\n\n\n<p>Ahogy mentek tov\u00e1bb, innen is-onnan is hangos, d\u00fch\u00f6s sz\u00f3v\u00e1lt\u00e1st hallottak. Itt a sz\u00fcl\u0151k veszekedtek a gyerekeikkel, mert nem fogadtak sz\u00f3t. Ott k\u00e9t f\u00e9rfi kapott \u00f6ssze, melyik\u00fck vegye meg az utols\u00f3 vide\u00f3j\u00e1t\u00e9kot. K\u00e9t n\u0151 pedig egym\u00e1s kez\u00e9b\u0151l r\u00e1gatott ki egy flitteres ruh\u00e1t.<\/p>\n\n\n\n<p>&#8211; A kar\u00e1csony miatt j\u00f6ttek: a szeretet \u00e9s b\u00e9ke \u00fcnnep\u00e9re k\u00e9sz\u00fclnek, m\u00e9gsem l\u00e1tj\u00e1k azt, ami igaz\u00e1n fontos lenne \u2013 cs\u00f3v\u00e1lta a fej\u00e9t az angyal, majd hirtelen meg\u00e1ll\u00e1sra k\u00e9sztette Csillagfi\u00fat.<\/p>\n\n\n\n<p>&#8211; Hopp\u00e1, t\u00e9vedtem, \u0151 t\u00e9nyleg l\u00e1t engem! \u2013 mutatott egy b\u00fasan \u00e1csorg\u00f3 kisl\u00e1nyra. &#8211; \u0150 olyan k\u00fcl\u00f6nleges, mint te. De otthon nem hisznek neki. Ez\u00e9rt olyan szomor\u00fa. Tudom, hogy l\u00e1t engem, de ink\u00e1bb nem n\u00e9z ide. Mert az apuk\u00e1ja azt mondta neki, angyalok nincsenek, \u00e9s ha angyalokat l\u00e1t, akkor bolondnak n\u00e9zik majd, vagy hazud\u00f3snak. \u00c9s ugyan, ki akarna egy hazud\u00f3s gyerekkel bar\u00e1tkozni? Tal\u00e1n m\u00e9g ki is neveti majd a t\u00f6bbi gyerek \u2013 ilyeneket mondott neki az apuk\u00e1ja. Az\u00f3ta \u00fagy tesz, mintha nem l\u00e1tna minket. \u00c9s egyszer majd \u00fagy is lesz&#8230; &#8211; magyar\u00e1zta az angyal.<\/p>\n\n\n\n<p>&#8211; Szeg\u00e9nyke! \u2013 Csillagfi\u00fa el sem tudta k\u00e9pzelni, milyen lenne az \u00e9lete, ha a sz\u00fclei nem hinn\u00e9nek neki. Megsz\u00e1nta a kisl\u00e1nyt \u00e9s csillagf\u00e9nye felragyogott. Ahogy ezt meg\u00e9rezte, a kisl\u00e1ny elmosolyodott \u00e9s b\u00e1tortalanul fel\u00e9j\u00fck integetett.<\/p>\n\n\n\n<p>&#8211; Eml\u00e9kezz r\u00e1, keresd meg \u00e9s biztasd \u0151t \u2013 k\u00e9rte az angyal. &#8211; Tal\u00e1n ez\u00e9rt tartott\u00e1l ma velem&#8230;neki te leszel az aj\u00e1nd\u00e9k \u2013 simogatta meg Csillagfi\u00fa fej\u00e9t.<\/p>\n\n\n\n<p>&#8211; Jaj, nagyon elszaladt az id\u0151, vacsor\u00e1ra haza kell \u00e9rnem, a sz\u00fcleim agg\u00f3dni fognak! \u2013 kapott a fej\u00e9hez Csillagfi\u00fa is, mik\u00f6zben j\u00f3l megjegyezte a helyet, ahol a kisl\u00e1nnyal tal\u00e1lkoztak, hogy visszatal\u00e1ljon majd hozz\u00e1.<\/p>\n\n\n\n<p>&#8211; Dehogy! Hiszen csak \u00f6t perce v\u00e1lt\u00e1l el a bar\u00e1taidt\u00f3l. A Els\u0151 Adventi Angyal kacsintott \u00e9s \u00fajra ott \u00e1lltak a Nagy Almafa alatt, ahol Csillagfi\u00fa sz\u00f3l\u00edtotta \u0151t.<\/p>\n\n\n\n<p>&#8211; Tudom m\u00e1r, mi az aj\u00e1nd\u00e9kod: a b\u00e9ke&#8230;a b\u00e9ke hi\u00e1nyzik a legjobban a vil\u00e1gb\u00f3l! B\u00e9k\u00e9re kell tal\u00e1lniuk, hogy megnyithass\u00e1k a sz\u00edv\u00fcket \u00e9s te kincseket tal\u00e1lj benne!<\/p>\n\n\n\n<p>&#8211; Igaz\u00e1n k\u00fcl\u00f6nleges gyermek vagy te, Csillagfi\u00fa! J\u00f3l l\u00e1tod! \u00c9s most m\u00e1r azt is tudod, mi\u00e9rt \u00e9n v\u00e1llaltam ezt a feladatot. \u00c9n vagyok az egyik legj\u00f3kedv\u0171bb angyal a t\u00f6bbiek k\u00f6z\u00f6tt, ez\u00e9rt nekem t\u00f6bb t\u00fcrelmem van az emberek sz\u00edv\u00e9ben kutakodni. No, mennem kell! Egy h\u00e9t m\u00falva tal\u00e1lkozunk! &#8211; azzal barackot nyomott Csillagfi\u00fa fej\u00e9re az angyal \u00e9s halv\u00e1ny, k\u00e9k csillog\u00e1st maga ut\u00e1n hagyva, elt\u0171nt.<\/p>\n\n\n\n<figure class=\"wp-block-image size-full\"><img loading=\"lazy\" decoding=\"async\" width=\"1024\" height=\"1024\" src=\"https:\/\/csillaggyermek.hu\/wp-content\/uploads\/2023\/11\/370258975_1553170975427612_1670474645397248354_n.jpg\" alt=\"\" class=\"wp-image-750\" srcset=\"https:\/\/csillaggyermek.hu\/wp-content\/uploads\/2023\/11\/370258975_1553170975427612_1670474645397248354_n.jpg 1024w, https:\/\/csillaggyermek.hu\/wp-content\/uploads\/2023\/11\/370258975_1553170975427612_1670474645397248354_n-300x300.jpg 300w, https:\/\/csillaggyermek.hu\/wp-content\/uploads\/2023\/11\/370258975_1553170975427612_1670474645397248354_n-150x150.jpg 150w, https:\/\/csillaggyermek.hu\/wp-content\/uploads\/2023\/11\/370258975_1553170975427612_1670474645397248354_n-768x768.jpg 768w\" sizes=\"auto, (max-width: 1024px) 100vw, 1024px\" \/><\/figure>\n\n\n\n<p>Csillagfi\u00fa elgondolkodva baktatott hazafel\u00e9. Nagyon rem\u00e9lte, hogy az Els\u0151 Adventi Angyal sikerrel j\u00e1r \u00e9s a b\u00e9ke bek\u00f6lt\u00f6zik az emberek sz\u00edv\u00e9be.<\/p>\n\n\n\n<p><em>Ha szeretn\u00e9d tudni, hogy a k\u00f6vekez\u0151 h\u00e1rom angyal milyen aj\u00e1nd\u00e9kot hoz az embereknek, \u00e9s hogyan v\u00e9gz\u0151dik Csillagfi\u00fa kalandja az Adventi Angyalokkal, rendeld meg a Csillaggyermek-Csillagfi\u00fa az elt\u0171nt sz\u00ednek nyom\u00e1ban c\u00edm\u0171 mesek\u00f6nyvet \u00e9s aj\u00e1nd\u00e9kba megkapod a n\u00e9gy digit\u00e1lis mes\u00e9t!<\/em> <\/p>\n\n\n\n<p><em>Ha csak az adventi kalandok \u00e9rdekelnek, k\u00fcl\u00f6n is megv\u00e1s\u00e1rolhatod webshopunkb\u00f3l. Keresd a digit\u00e1lis mes\u00e9k k\u00f6z\u00f6tt!<\/em><\/p>\n\n\n\n<p><em>A digit\u00e1lis mes\u00e9k k\u00f6z\u00f6tt tal\u00e1lsz h\u00fasv\u00e9ti kalandot, nyomoz\u00e1sos t\u00f6rt\u00e9netet, amiben Csillagfi\u00fa a Rejt\u00e9lyes Szerkezet \u00fatmutat\u00e1s\u00e1t k\u00f6veti S\u00e1rk\u00e1nyf\u00f6ldre, any\u00e1k napi hist\u00f3ri\u00e1t, amiben Csillagfi\u00fa visszat\u00e9r a csillagok k\u00f6z\u00e9, a Csillagok Anyj\u00e1hoz, valamint egy mes\u00e9t, amiben Kele \u00e9s K\u00f3la, a P\u00f6tt\u00f6m ikerp\u00e1r felfedezi a Hangok Kir\u00e1lys\u00e1g\u00e1t. Ez a mese gyerekeknek sz\u00f3l\u00f3 hangt\u00e1las programokhoz is kiv\u00e1l\u00f3.<\/em><\/p>\n\n\n\n<div class=\"wp-block-buttons is-content-justification-center is-layout-flex wp-container-core-buttons-is-layout-16018d1d wp-block-buttons-is-layout-flex\">\n<div class=\"wp-block-button\"><a class=\"wp-block-button__link has-background wp-element-button\" href=\"https:\/\/616995.myshoptet.com\/\" style=\"border-radius:40px;background-color:#f70202\">Megrendelem&#8230;<\/a><\/div>\n<\/div>\n\n\n\n<div class=\"wp-block-buttons is-layout-flex wp-block-buttons-is-layout-flex\"><\/div>\n","protected":false},"excerpt":{"rendered":"<p>Az els\u0151 angyal Egy csillagporos t\u00e9li d\u00e9lut\u00e1non &#8211; tudod, egy olyan gyorsan s\u00f6t\u00e9ted\u0151, v\u00e1rakoz\u00e1ssal teli napon, amikor a fagyos szelek bef\u00fcty\u00fclnek a k\u00e9m\u00e9nyen, hogy a kanap\u00e9n \u00fclve m\u00e9g jobban bekuck\u00f3zz a finom meleg takar\u00f3dba, mik\u00f6zben ezt a sz\u00e9p mes\u00e9t olvasod -, Csillagfi\u00fa csokol\u00e1d\u00e9s kaka\u00f3t sz\u00fcrcs\u00f6lt a b\u00f6gr\u00e9j\u00e9b\u0151l \u00e9s azt figyelte, hogyan s\u00fcr\u00f6g-forog a nappaliban a&hellip; <a class=\"more-link\" href=\"https:\/\/csillaggyermek.hu\/index.php\/csillagfiu-es-az-adventi-angyalok\/\"><span class=\"screen-reader-text\">Csillagfi\u00fa \u00e9s az adventi angyalok<\/span> olvas\u00e1s\u00e1nak folytat\u00e1sa<\/a><\/p>\n","protected":false},"author":1,"featured_media":0,"parent":0,"menu_order":0,"comment_status":"closed","ping_status":"closed","template":"","meta":{"footnotes":""},"class_list":["post-638","page","type-page","status-publish","hentry","entry"],"_links":{"self":[{"href":"https:\/\/csillaggyermek.hu\/index.php\/wp-json\/wp\/v2\/pages\/638","targetHints":{"allow":["GET"]}}],"collection":[{"href":"https:\/\/csillaggyermek.hu\/index.php\/wp-json\/wp\/v2\/pages"}],"about":[{"href":"https:\/\/csillaggyermek.hu\/index.php\/wp-json\/wp\/v2\/types\/page"}],"author":[{"embeddable":true,"href":"https:\/\/csillaggyermek.hu\/index.php\/wp-json\/wp\/v2\/users\/1"}],"replies":[{"embeddable":true,"href":"https:\/\/csillaggyermek.hu\/index.php\/wp-json\/wp\/v2\/comments?post=638"}],"version-history":[{"count":33,"href":"https:\/\/csillaggyermek.hu\/index.php\/wp-json\/wp\/v2\/pages\/638\/revisions"}],"predecessor-version":[{"id":825,"href":"https:\/\/csillaggyermek.hu\/index.php\/wp-json\/wp\/v2\/pages\/638\/revisions\/825"}],"wp:attachment":[{"href":"https:\/\/csillaggyermek.hu\/index.php\/wp-json\/wp\/v2\/media?parent=638"}],"curies":[{"name":"wp","href":"https:\/\/api.w.org\/{rel}","templated":true}]}}