{"id":460,"date":"2022-08-15T11:45:02","date_gmt":"2022-08-15T11:45:02","guid":{"rendered":"https:\/\/csillaggyermek.hu\/?page_id=460"},"modified":"2024-10-06T11:06:50","modified_gmt":"2024-10-06T11:06:50","slug":"kapcsolat","status":"publish","type":"page","link":"https:\/\/csillaggyermek.hu\/index.php\/kapcsolat\/","title":{"rendered":"Kapcsolat"},"content":{"rendered":"\n<p>A k\u00f6nyv els\u0151 \u00e9s m\u00e1sodik r\u00e9sze egy kattint\u00e1ssal megrendelhet\u0151 a Megrendelem gombra klikkelve, vagy sz\u00e1ll\u00edt\u00e1si k\u00f6lts\u00e9g n\u00e9lk\u00fcl szem\u00e9lyesen \u00e1tvehet\u0151 Gy\u0151rben, Szombathelyen, Veszpr\u00e9mben, Balatonalm\u00e1diban \u00e9s Budapesten.<\/p>\n\n\n\n<p>Ha szem\u00e9lyesen szeretn\u00e9d \u00e1tvenni a mesek\u00f6nyveket, v\u00e1laszd a sz\u00e1ll\u00edt\u00e1si lehet\u0151s\u00e9gek k\u00f6z\u00fcl a szem\u00e9lyes \u00e1tv\u00e9tel gombot, a v\u00e1s\u00e1rl\u00e1s sor\u00e1n megadott e-mailc\u00edmen egyeztet\u00fcnk helysz\u00ednt \u00e9s id\u0151pontot!<\/p>\n\n\n\n<p>Ha tov\u00e1bbi k\u00e9rd\u00e9sed van, ide k\u00fcldheted:  <strong><a href=\"megrendeles@csillaggyermek.hu\">megrendeles@csillaggyermek.hu<\/a><\/strong><\/p>\n\n\n\n<p><\/p>\n\n\n\n<div class=\"wp-block-buttons is-content-justification-center is-layout-flex wp-container-core-buttons-is-layout-16018d1d wp-block-buttons-is-layout-flex\">\n<div class=\"wp-block-button\"><a class=\"wp-block-button__link has-background wp-element-button\" href=\"https:\/\/616995.myshoptet.com\/\" style=\"border-radius:40px;background-color:#fb0101\">Megrendelem&#8230;<\/a><\/div>\n<\/div>\n\n\n\n<figure class=\"wp-block-image size-large is-resized is-style-rounded\"><img loading=\"lazy\" decoding=\"async\" width=\"683\" height=\"1024\" src=\"https:\/\/csillaggyermek.hu\/wp-content\/uploads\/2022\/08\/Csillaggyermek-edited-1-683x1024.jpg\" alt=\"\" class=\"wp-image-575\" style=\"width:342px;height:512px\" srcset=\"https:\/\/csillaggyermek.hu\/wp-content\/uploads\/2022\/08\/Csillaggyermek-edited-1-683x1024.jpg 683w, https:\/\/csillaggyermek.hu\/wp-content\/uploads\/2022\/08\/Csillaggyermek-edited-1-200x300.jpg 200w, https:\/\/csillaggyermek.hu\/wp-content\/uploads\/2022\/08\/Csillaggyermek-edited-1-768x1152.jpg 768w, https:\/\/csillaggyermek.hu\/wp-content\/uploads\/2022\/08\/Csillaggyermek-edited-1-1024x1536.jpg 1024w, https:\/\/csillaggyermek.hu\/wp-content\/uploads\/2022\/08\/Csillaggyermek-edited-1.jpg 1079w\" sizes=\"auto, (max-width: 683px) 100vw, 683px\" \/><\/figure>\n\n\n\n<p><\/p>\n\n\n\n<p>K\u00f6vess minket a Facebookon tov\u00e1bbi tartalmak\u00e9rt, akci\u00f3k\u00e9rt! <\/p>\n\n\n\n<p><a href=\"https:\/\/www.facebook.com\/spiritual.fairy.tale\">https:\/\/www.facebook.com\/spiritual.fairy.tale<\/a><\/p>\n","protected":false},"excerpt":{"rendered":"<p>A k\u00f6nyv els\u0151 \u00e9s m\u00e1sodik r\u00e9sze egy kattint\u00e1ssal megrendelhet\u0151 a Megrendelem gombra klikkelve, vagy sz\u00e1ll\u00edt\u00e1si k\u00f6lts\u00e9g n\u00e9lk\u00fcl szem\u00e9lyesen \u00e1tvehet\u0151 Gy\u0151rben, Szombathelyen, Veszpr\u00e9mben, Balatonalm\u00e1diban \u00e9s Budapesten. Ha szem\u00e9lyesen szeretn\u00e9d \u00e1tvenni a mesek\u00f6nyveket, v\u00e1laszd a sz\u00e1ll\u00edt\u00e1si lehet\u0151s\u00e9gek k\u00f6z\u00fcl a szem\u00e9lyes \u00e1tv\u00e9tel gombot, a v\u00e1s\u00e1rl\u00e1s sor\u00e1n megadott e-mailc\u00edmen egyeztet\u00fcnk helysz\u00ednt \u00e9s id\u0151pontot! Ha tov\u00e1bbi k\u00e9rd\u00e9sed van, ide k\u00fcldheted:&hellip; <a class=\"more-link\" href=\"https:\/\/csillaggyermek.hu\/index.php\/kapcsolat\/\"><span class=\"screen-reader-text\">Kapcsolat<\/span> olvas\u00e1s\u00e1nak folytat\u00e1sa<\/a><\/p>\n","protected":false},"author":1,"featured_media":0,"parent":0,"menu_order":0,"comment_status":"closed","ping_status":"closed","template":"","meta":{"footnotes":""},"class_list":["post-460","page","type-page","status-publish","hentry","entry"],"_links":{"self":[{"href":"https:\/\/csillaggyermek.hu\/index.php\/wp-json\/wp\/v2\/pages\/460","targetHints":{"allow":["GET"]}}],"collection":[{"href":"https:\/\/csillaggyermek.hu\/index.php\/wp-json\/wp\/v2\/pages"}],"about":[{"href":"https:\/\/csillaggyermek.hu\/index.php\/wp-json\/wp\/v2\/types\/page"}],"author":[{"embeddable":true,"href":"https:\/\/csillaggyermek.hu\/index.php\/wp-json\/wp\/v2\/users\/1"}],"replies":[{"embeddable":true,"href":"https:\/\/csillaggyermek.hu\/index.php\/wp-json\/wp\/v2\/comments?post=460"}],"version-history":[{"count":26,"href":"https:\/\/csillaggyermek.hu\/index.php\/wp-json\/wp\/v2\/pages\/460\/revisions"}],"predecessor-version":[{"id":895,"href":"https:\/\/csillaggyermek.hu\/index.php\/wp-json\/wp\/v2\/pages\/460\/revisions\/895"}],"wp:attachment":[{"href":"https:\/\/csillaggyermek.hu\/index.php\/wp-json\/wp\/v2\/media?parent=460"}],"curies":[{"name":"wp","href":"https:\/\/api.w.org\/{rel}","templated":true}]}}