{"id":457,"date":"2022-08-15T11:44:18","date_gmt":"2022-08-15T11:44:18","guid":{"rendered":"https:\/\/csillaggyermek.hu\/?page_id=457"},"modified":"2024-07-05T14:22:59","modified_gmt":"2024-07-05T14:22:59","slug":"rolam","status":"publish","type":"page","link":"https:\/\/csillaggyermek.hu\/index.php\/rolam\/","title":{"rendered":"R\u00f3lam"},"content":{"rendered":"\n<figure class=\"wp-block-image size-large is-resized\"><img loading=\"lazy\" decoding=\"async\" width=\"546\" height=\"1024\" src=\"https:\/\/csillaggyermek.hu\/wp-content\/uploads\/2024\/07\/449407203_444211898495649_5794951023040888936_n-546x1024.jpg\" alt=\"\" class=\"wp-image-829\" style=\"width:236px;height:auto\" srcset=\"https:\/\/csillaggyermek.hu\/wp-content\/uploads\/2024\/07\/449407203_444211898495649_5794951023040888936_n-546x1024.jpg 546w, https:\/\/csillaggyermek.hu\/wp-content\/uploads\/2024\/07\/449407203_444211898495649_5794951023040888936_n-160x300.jpg 160w, https:\/\/csillaggyermek.hu\/wp-content\/uploads\/2024\/07\/449407203_444211898495649_5794951023040888936_n-768x1441.jpg 768w, https:\/\/csillaggyermek.hu\/wp-content\/uploads\/2024\/07\/449407203_444211898495649_5794951023040888936_n-819x1536.jpg 819w, https:\/\/csillaggyermek.hu\/wp-content\/uploads\/2024\/07\/449407203_444211898495649_5794951023040888936_n.jpg 1023w\" sizes=\"auto, (max-width: 546px) 100vw, 546px\" \/><\/figure>\n\n\n\n<p>Forg\u00e1cs Bernadett vagyok, 30 \u00e9ve \u00fajs\u00e1g\u00edr\u00f3. N\u00e9h\u00e1ny \u00e9ve a r\u00e9g\u00f3ta tart\u00f3 spiritu\u00e1lis \u00fatkeres\u00e9sem a sz\u00ednek vil\u00e1g\u00e1ba vezetett. Megismertem \u00e9s gyakorolom az Aura-soma\u00ae sz\u00ednter\u00e1pia csod\u00e1latos rendszer\u00e9t. A k\u00e9t sz\u00e1l egyszer csak \u00f6ssze\u00e9rt \u00e9s megsz\u00fcletett a minket k\u00f6r\u00fclvev\u0151 energiamez\u0151t, az aur\u00e1t l\u00e1t\u00f3, csillagokb\u00f3l \u00e9rkez\u0151 kisfi\u00fa t\u00f6rt\u00e9nete. Egy t\u00f6rt\u00e9net, ami spiritu\u00e1lis fejl\u0151d\u00e9sem, anyas\u00e1gom, \u00e9letfeladatom r\u00e9sze.<\/p>\n\n\n\n<p>Csillaggyermek egy r\u00e9gim\u00f3di mese, amiben m\u00e9g m\u0171k\u00f6dnek a csod\u00e1k \u00e9s a var\u00e1zslatok, csak hinni kell benn\u00fck, meg\u00e9ri j\u00f3nak lenni \u00e9s felismerj\u00fck, hogy a gonosz se sz\u00fcletik felt\u00e9tlen\u00fcl gonosznak. Mint minden mese, Csillaggyermek sem csak gyerekeknek sz\u00f3l. Mindenkit h\u00edv, aki kaphat\u00f3 m\u00e9g egy kis var\u00e1zslatra \u00e9s makacsul hiszi, hogy a j\u00f3 \u00e9s a szeretet v\u00e9g\u00fcl mindig gy\u0151z.<\/p>\n","protected":false},"excerpt":{"rendered":"<p>Forg\u00e1cs Bernadett vagyok, 30 \u00e9ve \u00fajs\u00e1g\u00edr\u00f3. N\u00e9h\u00e1ny \u00e9ve a r\u00e9g\u00f3ta tart\u00f3 spiritu\u00e1lis \u00fatkeres\u00e9sem a sz\u00ednek vil\u00e1g\u00e1ba vezetett. Megismertem \u00e9s gyakorolom az Aura-soma\u00ae sz\u00ednter\u00e1pia csod\u00e1latos rendszer\u00e9t. A k\u00e9t sz\u00e1l egyszer csak \u00f6ssze\u00e9rt \u00e9s megsz\u00fcletett a minket k\u00f6r\u00fclvev\u0151 energiamez\u0151t, az aur\u00e1t l\u00e1t\u00f3, csillagokb\u00f3l \u00e9rkez\u0151 kisfi\u00fa t\u00f6rt\u00e9nete. Egy t\u00f6rt\u00e9net, ami spiritu\u00e1lis fejl\u0151d\u00e9sem, anyas\u00e1gom, \u00e9letfeladatom r\u00e9sze. Csillaggyermek egy r\u00e9gim\u00f3di&hellip; <a class=\"more-link\" href=\"https:\/\/csillaggyermek.hu\/index.php\/rolam\/\"><span class=\"screen-reader-text\">R\u00f3lam<\/span> olvas\u00e1s\u00e1nak folytat\u00e1sa<\/a><\/p>\n","protected":false},"author":1,"featured_media":0,"parent":0,"menu_order":0,"comment_status":"closed","ping_status":"closed","template":"","meta":{"footnotes":""},"class_list":["post-457","page","type-page","status-publish","hentry","entry"],"_links":{"self":[{"href":"https:\/\/csillaggyermek.hu\/index.php\/wp-json\/wp\/v2\/pages\/457","targetHints":{"allow":["GET"]}}],"collection":[{"href":"https:\/\/csillaggyermek.hu\/index.php\/wp-json\/wp\/v2\/pages"}],"about":[{"href":"https:\/\/csillaggyermek.hu\/index.php\/wp-json\/wp\/v2\/types\/page"}],"author":[{"embeddable":true,"href":"https:\/\/csillaggyermek.hu\/index.php\/wp-json\/wp\/v2\/users\/1"}],"replies":[{"embeddable":true,"href":"https:\/\/csillaggyermek.hu\/index.php\/wp-json\/wp\/v2\/comments?post=457"}],"version-history":[{"count":13,"href":"https:\/\/csillaggyermek.hu\/index.php\/wp-json\/wp\/v2\/pages\/457\/revisions"}],"predecessor-version":[{"id":833,"href":"https:\/\/csillaggyermek.hu\/index.php\/wp-json\/wp\/v2\/pages\/457\/revisions\/833"}],"wp:attachment":[{"href":"https:\/\/csillaggyermek.hu\/index.php\/wp-json\/wp\/v2\/media?parent=457"}],"curies":[{"name":"wp","href":"https:\/\/api.w.org\/{rel}","templated":true}]}}