{"id":448,"date":"2022-08-15T11:40:06","date_gmt":"2022-08-15T11:40:06","guid":{"rendered":"https:\/\/csillaggyermek.hu\/?page_id=448"},"modified":"2024-12-01T16:10:20","modified_gmt":"2024-12-01T16:10:20","slug":"kezdolap","status":"publish","type":"page","link":"https:\/\/csillaggyermek.hu\/","title":{"rendered":"Kezd\u0151lap"},"content":{"rendered":"\n<p class=\"has-text-align-center has-red-background-color has-background has-large-font-size\" style=\"font-style:italic;font-weight:600\"><\/p>\n\n\n\n<div class=\"wp-block-buttons is-content-justification-center is-layout-flex wp-container-core-buttons-is-layout-16018d1d wp-block-buttons-is-layout-flex\">\n<div class=\"wp-block-button\"><a class=\"wp-block-button__link has-background wp-element-button\" href=\"https:\/\/616995.myshoptet.com\/\" style=\"border-radius:40px;background-color:#fa0202\">Megrendelem&#8230;<\/a><\/div>\n\n\n<\/div>\n\n\n\n<figure class=\"wp-block-image size-large\"><img loading=\"lazy\" decoding=\"async\" width=\"726\" height=\"1024\" src=\"https:\/\/csillaggyermek.hu\/wp-content\/uploads\/2022\/08\/20220812_114934-4-726x1024.jpg\" alt=\"\" class=\"wp-image-476\" srcset=\"https:\/\/csillaggyermek.hu\/wp-content\/uploads\/2022\/08\/20220812_114934-4-726x1024.jpg 726w, https:\/\/csillaggyermek.hu\/wp-content\/uploads\/2022\/08\/20220812_114934-4-213x300.jpg 213w, https:\/\/csillaggyermek.hu\/wp-content\/uploads\/2022\/08\/20220812_114934-4-768x1083.jpg 768w, https:\/\/csillaggyermek.hu\/wp-content\/uploads\/2022\/08\/20220812_114934-4.jpg 800w\" sizes=\"auto, (max-width: 726px) 100vw, 726px\" \/><\/figure>\n\n\n\n<p>&#8222;Egy olyan v\u00e9szj\u00f3sl\u00f3 napon, tudod, amikor a gyomrod ok n\u00e9l-<br>k\u00fcl g\u00f6rcsbe r\u00e1ndul, \u00f6sszeszorult torkodban pedig hevesen<br>dobog a sz\u00edved, a sz\u00ednek egyszerre elt\u0171ntek a Hetedh\u00e9t Kir\u00e1lys\u00e1gb\u00f3l.&#8221; <\/p>\n\n\n\n<p>Egy furcsa napon a sz\u00ednek elt\u0171nnek a vil\u00e1gb\u00f3l. Minden sz\u00fcrk\u00e9v\u00e9 v\u00e1lik: a t\u00e1j, az emberek. A Hetedh\u00e9t Kir\u00e1lys\u00e1gra nagy szomor\u00fas\u00e1g telepedik, hiszen sz\u00ednek n\u00e9lk\u00fcl minden pusztul\u00e1sra van \u00edt\u00e9lve. Egyed\u00fcl a k\u00fcl\u00f6nleges k\u00e9pess\u00e9g\u0171 kisfi\u00fa, Csillagfi\u00fa menek\u00fcl meg a sz\u00fcrke k\u00f3rs\u00e1gt\u00f3l. Hossz\u00fa \u00fatra indul. H\u00e9t kir\u00e1lys\u00e1gon \u00e1t keresi, hov\u00e1 t\u0171ntek el a sz\u00ednek \u00e9s mik\u00e9nt gy\u00f3gy\u00edthatn\u00e1 meg a vil\u00e1g\u00e1t puszt\u00edt\u00f3 betegs\u00e9get. Kalandos \u00fatja sor\u00e1n bar\u00e1ts\u00e1gokat k\u00f6t m\u00e1s n\u00e9pekkel: Szirtekkel, P\u00f6tt\u00f6m\u00f6kkel, Lill\u00e9kkel, vesz\u00e9lyes helyzetekbe keveredik a Csontok \u00fatj\u00e1n a boszork\u00e1nyokkal, de k\u00fcl\u00f6nleges k\u00e9pess\u00e9ge \u00e9s igaz, j\u00f3 sz\u00edve mindig kiseg\u00edti a bajb\u00f3l. Vajon lesz-e ereje a v\u00e9gs\u0151 \u00f6sszecsap\u00e1shoz? Meg tudja-e menteni a S\u00e1rk\u00e1nykir\u00e1lyt, a Hetedh\u00e9t Kir\u00e1lys\u00e1got \u00e9s bar\u00e1tait?<\/p>\n\n\n\n<p>Hogyan is sz\u00fcletett meg a Csillaggyermek c\u00edm\u0171 mesek\u00f6nyv? Szem\u00e9lyes spiritu\u00e1lis \u00fatkeres\u00e9sem r\u00e9szek\u00e9nt. A spiritu\u00e1lis \u00fatkeres\u00e9s pedig elk\u00e9pzelhetetlen angyalok n\u00e9lk\u00fcl. M\u00e9gis, ha azt mondom, ennek a mes\u00e9nek a meg\u00edr\u00e1s\u00e1t az angyalok inspir\u00e1lt\u00e1k, sokan elh\u00fazz\u00e1k majd a sz\u00e1jukat \u00e9s legyintenek. Ugyan, angyalok\u2026! Pedig h\u00e1ny \u00e9s h\u00e1ny csal\u00e1dban hangzik el egy-egy kisgyerek sz\u00e1j\u00e1b\u00f3l: anya, angyalt l\u00e1ttam! Vagy: nah\u00e1t, milyen sz\u00e9p k\u00e9k vagy! A feln\u0151ttek eleinte mosolyognak ezen, hiszen olyan cuki, nem? Sokadszorra azonban t\u00fcrelmetlen\u00fcl leintik \u0151ket: ugyan, \u00e9n nem l\u00e1tok semmit! Angyalok nincsenek! \u00cdgy azt\u00e1n a k\u00fcl\u00f6nleges gyermekek, akik bizony l\u00e1tj\u00e1k az energiamez\u0151ket (aur\u00e1t), s\u0151t a szellemvil\u00e1g k\u00e9pvisel\u0151it, magukba z\u00e1rk\u00f3znak. Nem mes\u00e9lnek arr\u00f3l, mit l\u00e1tnak, hallanak, \u00e9s egy id\u0151 ut\u00e1n tal\u00e1n meg is szakad ez a kapcsolat az angyalok vil\u00e1g\u00e1val. Vagy ami m\u00e9g rosszabb, ezek a kiv\u00e9teles k\u00e9pess\u00e9g\u0171 gyerekek magukat hib\u00e1ztatj\u00e1k, ami\u00e9rt m\u00e1sok, mint azok, akik nem l\u00e1tj\u00e1k, mindazt, amit \u0151k.<\/p>\n\n\n\n<p>Feldm\u00e1r Andr\u00e1s pszichoterapeuta \u00edgy fogalmazta ezt meg: \u201eBesz\u00e9lj\u00fcnk valami olyasmir\u0151l, amir\u0151l nehezebb besz\u00e9lni, de sokkal k\u00e9zzelfoghat\u00f3bb: arr\u00f3l, hogy mennyire h\u00fcly\u00e9k vagyunk, mint t\u00e1rsadalom! Azt hiszem mes\u00e9ltem, hogy William Blake, amikor gyerek volt, minden\u00fctt angyalokat l\u00e1tott, s ezt megmondta az apj\u00e1nak is, az apja pedig azt mondta, hogy ha m\u00e9g egyszer l\u00e1t egy angyalt, akkor megveri. Att\u00f3l kezdve nem l\u00e1tott angyalokat. Ez nem azt jelenti, hogy nincsenek angyalok, ez azt jelenti, hogy nek\u00fcnk megtiltott\u00e1k, hogy angyalokat l\u00e1ssunk. Aki angyalokat l\u00e1t, s ezt a tilalmat megszegi, az bolond \u00e9s valaki megveri.\u201d<\/p>\n\n\n\n<p>Ez\u00e9rt sz\u00fcletett ez a mese: biztat\u00e1sul a csillaggyermekeknek a f\u00e9nymunk\u00e1jukhoz \u00e9s t\u00e1mogat\u00e1sul sz\u00fcleiknek, hogy legyenek b\u00e1trak legy\u0151zni a f\u00e9lelmeiket \u00e9s engedni nekik, hogy gy\u00f3gy\u00edts\u00e1k a vil\u00e1gunkat.<\/p>\n\n\n\n<figure class=\"wp-block-image size-large\"><img loading=\"lazy\" decoding=\"async\" width=\"707\" height=\"1024\" src=\"https:\/\/csillaggyermek.hu\/wp-content\/uploads\/2024\/10\/received_543450898226667-1-707x1024.png\" alt=\"\" class=\"wp-image-900\" srcset=\"https:\/\/csillaggyermek.hu\/wp-content\/uploads\/2024\/10\/received_543450898226667-1-707x1024.png 707w, https:\/\/csillaggyermek.hu\/wp-content\/uploads\/2024\/10\/received_543450898226667-1-207x300.png 207w, https:\/\/csillaggyermek.hu\/wp-content\/uploads\/2024\/10\/received_543450898226667-1-768x1112.png 768w, https:\/\/csillaggyermek.hu\/wp-content\/uploads\/2024\/10\/received_543450898226667-1-1061x1536.png 1061w, https:\/\/csillaggyermek.hu\/wp-content\/uploads\/2024\/10\/received_543450898226667-1-1414x2048.png 1414w, https:\/\/csillaggyermek.hu\/wp-content\/uploads\/2024\/10\/received_543450898226667-1-1568x2271.png 1568w\" sizes=\"auto, (max-width: 707px) 100vw, 707px\" \/><\/figure>\n\n\n\n<p>K\u00f6zel k\u00e9t \u00e9v telt el az\u00f3ta, hogy a Hetedh\u00e9t Kir\u00e1lys\u00e1gb\u00f3l elt\u0171ntek a sz\u00ednek, sz\u00fcrke k\u00f3rs\u00e1g puszt\u00edtotta az orsz\u00e1got, Csillagfi\u00fa pedig elhat\u00e1rozta, hogy k\u00fcl\u00f6nleges k\u00e9pess\u00e9g\u00e9vel megmenti a vil\u00e1g\u00e1t. Szembesz\u00e1llt a Mandrag\u00f3ra Boszork\u00e1kkal, az \u00c1rnyakkal \u00e9s v\u00e9g\u00fcl a Gonosz Nagy\u00farral is. Hogy mik\u00e9nt siker\u00fclt gy\u0151znie, megtudhatj\u00e1tok a Csillaggyermek-Csillagfi\u00fa az elt\u0171nt sz\u00ednek nyom\u00e1ban c\u00edm\u0171, els\u0151 k\u00f6tetben. Olvass\u00e1tok el!<\/p>\n\n\n\n<p>Ebben, a m\u00e1sodik t\u00f6rt\u00e9netben Csillagfi\u00fa id\u0151sebb egy kicsit, s a <a><\/a>kaland, amibe az elveszett kir\u00e1lys\u00e1g ut\u00e1n kutatva keveredik, vesz\u00e9lyesebb is. Miut\u00e1n meghallgatja a titokzatos kir\u00e1lys\u00e1g t\u00f6rt\u00e9net\u00e9t, az ez\u00fcst haj\u00fa fi\u00fa gondolataiban megjelenik Atlantisz elfeledett vil\u00e1ga, ahonnan egy seg\u00e9lyki\u00e1lt\u00e1st hall, ami csak neki sz\u00f3l. A ki\u00e1lt\u00e1s egyre t\u00f6bbsz\u00f6r hangzik fel az elm\u00e9j\u00e9ben, \u00edgy elhat\u00e1rozza, hogy felkutatja, honnan ered \u00e9s seg\u00edts\u00e9g\u00e9re siet annak, aki sz\u00f3l\u00edtja. Csillagfi\u00fa sok titokra der\u00edt f\u00e9nyt \u00e9s sz\u00e1mos pr\u00f3bat\u00e9telen \u00e1t meg\u00e9rkezik a rejt\u00e9lyes kir\u00e1lys\u00e1gba, amelynek nev\u00e9t f\u00e9lve ejtik ki a Hetedh\u00e9t Kir\u00e1lys\u00e1gban. Vajon mit tal\u00e1l ott, Vil\u00e1gok Perem\u00e9n \u00e9s csillagereje elegend\u0151 lesz-e ahhoz, hogy Atlantisz n\u00e9p\u00e9t \u00e9s a seg\u00e9lyk\u00e9r\u00e9st k\u00fcld\u0151 Vil\u00e1gsz\u00e9p Le\u00e1nyt megmentse?<\/p>\n\n\n\n<p>Megrendelhet\u0151 a webshopb\u00f3l. A k\u00e9t k\u00f6nyvet egy\u00fctt kedvezm\u00e9nyesen lehet megrendelni.<\/p>\n\n\n\n<div class=\"wp-block-buttons is-content-justification-center is-layout-flex wp-container-core-buttons-is-layout-16018d1d wp-block-buttons-is-layout-flex\">\n<div class=\"wp-block-button\"><a class=\"wp-block-button__link has-background wp-element-button\" href=\"https:\/\/616995.myshoptet.com\/\" style=\"border-radius:40px;background-color:#f70202\">Megrendelem&#8230;<\/a><\/div>\n<\/div>\n\n\n\n<p><\/p>\n","protected":false},"excerpt":{"rendered":"<p>&#8222;Egy olyan v\u00e9szj\u00f3sl\u00f3 napon, tudod, amikor a gyomrod ok n\u00e9l-k\u00fcl g\u00f6rcsbe r\u00e1ndul, \u00f6sszeszorult torkodban pedig hevesendobog a sz\u00edved, a sz\u00ednek egyszerre elt\u0171ntek a Hetedh\u00e9t Kir\u00e1lys\u00e1gb\u00f3l.&#8221; Egy furcsa napon a sz\u00ednek elt\u0171nnek a vil\u00e1gb\u00f3l. Minden sz\u00fcrk\u00e9v\u00e9 v\u00e1lik: a t\u00e1j, az emberek. A Hetedh\u00e9t Kir\u00e1lys\u00e1gra nagy szomor\u00fas\u00e1g telepedik, hiszen sz\u00ednek n\u00e9lk\u00fcl minden pusztul\u00e1sra van \u00edt\u00e9lve. Egyed\u00fcl a&hellip; <a class=\"more-link\" href=\"https:\/\/csillaggyermek.hu\/\"><span class=\"screen-reader-text\">Kezd\u0151lap<\/span> olvas\u00e1s\u00e1nak folytat\u00e1sa<\/a><\/p>\n","protected":false},"author":1,"featured_media":0,"parent":0,"menu_order":0,"comment_status":"closed","ping_status":"closed","template":"","meta":{"footnotes":""},"class_list":["post-448","page","type-page","status-publish","hentry","entry"],"_links":{"self":[{"href":"https:\/\/csillaggyermek.hu\/index.php\/wp-json\/wp\/v2\/pages\/448","targetHints":{"allow":["GET"]}}],"collection":[{"href":"https:\/\/csillaggyermek.hu\/index.php\/wp-json\/wp\/v2\/pages"}],"about":[{"href":"https:\/\/csillaggyermek.hu\/index.php\/wp-json\/wp\/v2\/types\/page"}],"author":[{"embeddable":true,"href":"https:\/\/csillaggyermek.hu\/index.php\/wp-json\/wp\/v2\/users\/1"}],"replies":[{"embeddable":true,"href":"https:\/\/csillaggyermek.hu\/index.php\/wp-json\/wp\/v2\/comments?post=448"}],"version-history":[{"count":33,"href":"https:\/\/csillaggyermek.hu\/index.php\/wp-json\/wp\/v2\/pages\/448\/revisions"}],"predecessor-version":[{"id":909,"href":"https:\/\/csillaggyermek.hu\/index.php\/wp-json\/wp\/v2\/pages\/448\/revisions\/909"}],"wp:attachment":[{"href":"https:\/\/csillaggyermek.hu\/index.php\/wp-json\/wp\/v2\/media?parent=448"}],"curies":[{"name":"wp","href":"https:\/\/api.w.org\/{rel}","templated":true}]}}